{"id":2,"date":"2025-05-26T12:05:16","date_gmt":"2025-05-26T12:05:16","guid":{"rendered":"https:\/\/planifica.ma\/?page_id=2"},"modified":"2025-05-26T15:17:53","modified_gmt":"2025-05-26T15:17:53","slug":"sample-page","status":"publish","type":"page","link":"https:\/\/planifica.ma\/index.php\/sample-page\/","title":{"rendered":"PLANIFICA  \u201cL\u2019Art de Transformer une Intention en \u00c9motion\u201d"},"content":{"rendered":"\n<p><\/p>\n\n\n\n<p><\/p>\n\n\n\n<p><\/p>\n\n\n\n<p><\/p>\n\n\n\n<p class=\"has-x-large-font-size\">      Bienvenue chez <strong>PLANIFICA<\/strong>, l\u2019agence \u00e9v\u00e9nementielle qui marie cr\u00e9ativit\u00e9, rigueur et sens du service pour concevoir des exp\u00e9riences m\u00e9morables, pour les \u00e9coles comme pour les entreprises.<\/p>\n\n\n\n<p><\/p>\n\n\n\n<p class=\"has-x-large-font-size\">    Bas\u00e9e \u00e0 Rabat et active \u00e9galement au Maroc comme \u00e0 l\u2019international, notre \u00e9quipe transforme chaque id\u00e9e en \u00e9v\u00e9nement sur mesure, en accord avec vos besoins, votre budget et vos envies.<\/p>\n","protected":false},"excerpt":{"rendered":"<p>Bienvenue chez PLANIFICA, l\u2019agence \u00e9v\u00e9nementielle qui marie cr\u00e9ativit\u00e9, rigueur et sens du service pour concevoir des exp\u00e9riences m\u00e9morables, pour les \u00e9coles comme pour les entreprises. Bas\u00e9e \u00e0 Rabat et active \u00e9galement au Maroc comme \u00e0 l\u2019international, notre \u00e9quipe transforme chaque id\u00e9e en \u00e9v\u00e9nement sur mesure, en accord avec vos besoins, votre budget et vos envies.<\/p>\n","protected":false},"author":1,"featured_media":0,"parent":0,"menu_order":0,"comment_status":"closed","ping_status":"open","template":"","meta":{"footnotes":""},"class_list":["post-2","page","type-page","status-publish","hentry"],"_links":{"self":[{"href":"https:\/\/planifica.ma\/index.php\/wp-json\/wp\/v2\/pages\/2","targetHints":{"allow":["GET"]}}],"collection":[{"href":"https:\/\/planifica.ma\/index.php\/wp-json\/wp\/v2\/pages"}],"about":[{"href":"https:\/\/planifica.ma\/index.php\/wp-json\/wp\/v2\/types\/page"}],"author":[{"embeddable":true,"href":"https:\/\/planifica.ma\/index.php\/wp-json\/wp\/v2\/users\/1"}],"replies":[{"embeddable":true,"href":"https:\/\/planifica.ma\/index.php\/wp-json\/wp\/v2\/comments?post=2"}],"version-history":[{"count":3,"href":"https:\/\/planifica.ma\/index.php\/wp-json\/wp\/v2\/pages\/2\/revisions"}],"predecessor-version":[{"id":15,"href":"https:\/\/planifica.ma\/index.php\/wp-json\/wp\/v2\/pages\/2\/revisions\/15"}],"wp:attachment":[{"href":"https:\/\/planifica.ma\/index.php\/wp-json\/wp\/v2\/media?parent=2"}],"curies":[{"name":"wp","href":"https:\/\/api.w.org\/{rel}","templated":true}]}}